{"id":15244,"date":"2024-12-02T07:45:06","date_gmt":"2024-12-02T07:45:06","guid":{"rendered":"https:\/\/ergil.com\/qualitaetspolitik\/"},"modified":"2024-12-02T07:45:06","modified_gmt":"2024-12-02T07:45:06","slug":"qualitaetspolitik","status":"publish","type":"page","link":"https:\/\/ergil.com\/de\/qualitaetspolitik\/","title":{"rendered":"Qualit\u00e4tspolitik"},"content":{"rendered":"<h1><strong>Unsere Qualit\u00e4tspolitik<\/strong><\/h1>\n<ul>\n<li>Bereitstellung hochwertiger Produkte und Dienstleistungen auf nationalen und internationalen M\u00e4rkten, unter Einhaltung aller gesetzlichen Vorschriften, administrativen Regelungen und anderen Anforderungen, die unsere T\u00e4tigkeiten betreffen, sowie das Streben nach bedingungsloser Kundenzufriedenheit durch Qualit\u00e4tsbewusstsein aller Mitarbeiter und kontinuierliche Verbesserung.<\/li>\n<li>\u00dcberpr\u00fcfung unserer Gesch\u00e4ftsprozesse durch Selbstbewertung und Festlegung pr\u00e4ventiver Ans\u00e4tze zur Verbesserung unserer Leistung mittels risikobasierten Denkens.<\/li>\n<li>Steigerung der Effizienz aller Prozesse auf ein international wettbewerbsf\u00e4higes Niveau im Einklang mit dem Prinzip der kontinuierlichen Verbesserung.<\/li>\n<li>F\u00f6rderung innovativer und kreativer Ans\u00e4tze sowie Durchf\u00fchrung von Schulungen zur Verbesserung technischer und verhaltensbezogener Kompetenzen.<\/li>\n<li>Erreichung der Unternehmens- und Abteilungsziele im Teamgeist, basierend auf der Total-Quality-Philosophie, Lean Production und kontinuierlicher Verbesserung.<\/li>\n<li>Dokumentation, Zertifizierung und kontinuierliche Verbesserung unseres Qualit\u00e4tsmanagementsystems gem\u00e4\u00df den Anforderungen der Norm ISO 9001:2015.<\/li>\n<li>Sicherstellung der rechtzeitigen Bereitstellung von Dienstleistungen durch das genaue Erfassen und Bewerten der aktuellen und zuk\u00fcnftigen Erwartungen und Bed\u00fcrfnisse unserer Kunden sowie durch effektives Management von Kundenzufriedenheit, Vorschl\u00e4gen und Beschwerden. <\/li>\n<li>St\u00e4rkung von Schw\u00e4chen, Entwicklung von St\u00e4rken und Implementierung von Strategien, um Risiken in Chancen umzuwandeln.<\/li>\n<li>Entwicklung der passendsten, pr\u00e4zisesten und wirtschaftlichsten L\u00f6sungen auf effizienteste Weise und Vermeidung m\u00f6glicher zuk\u00fcnftiger Unstimmigkeiten.<\/li>\n<\/ul>\n<p>&nbsp;<\/p>\n<h2><strong>Unsere Umweltpolitik<\/strong><\/h2>\n<ul>\n<li>Einhaltung aller Umweltgesetze, administrativen Regelungen und anderer Anforderungen, die unsere T\u00e4tigkeiten betreffen.<\/li>\n<li>Kontinuierliche Verbesserung unserer Managementsysteme durch Festlegung geeigneter Ziele, deren \u00dcberwachung und Umsetzung.<\/li>\n<li>Umsetzung von Ma\u00dfnahmen zur Reduzierung des Verbrauchs von Ressourcen wie Strom, Kraftstoff und Wasser.<\/li>\n<li>Reduzierung der bei unseren T\u00e4tigkeiten entstehenden Abf\u00e4lle durch Wiederverwendung und Recycling.<\/li>\n<li>Planung und Umsetzung von Ma\u00dfnahmen zur Minimierung von Umweltsch\u00e4den im Falle von Unf\u00e4llen oder Notf\u00e4llen w\u00e4hrend unserer T\u00e4tigkeiten.<\/li>\n<li>Sensibilisierung aller Mitarbeiter und Gesch\u00e4ftspartner f\u00fcr den Erfolg in Umweltbelangen.<\/li>\n<li>Ergreifung pr\u00e4ventiver Ma\u00dfnahmen, um Luft-, Wasser- und Bodenverschmutzung in allen T\u00e4tigkeiten zu vermeiden.<\/li>\n<li>Erf\u00fcllung der Verpflichtungen in Bezug auf wesentliche Umweltaspekte gem\u00e4\u00df geltenden nationalen und internationalen Gesetzen und anderen Anforderungen.<\/li>\n<li>Zusammenarbeit mit Lieferanten auf der Grundlage von Qualit\u00e4t, Umweltbewusstsein und Arbeitssicherheit, um Kosten zu senken, Effizienz und langfristige Rentabilit\u00e4t zu steigern und kontinuierlich eine hohe Umweltleistung zu gew\u00e4hrleisten.<\/li>\n<\/ul>\n<p>&nbsp;<\/p>\n<h2><strong>Unsere Arbeitsschutzpolitik<\/strong><\/h2>\n<ul>\n<li>Einhaltung aller gesetzlichen Vorschriften, administrativen Regelungen und anderen Anforderungen im Bereich Arbeitsschutz, die unsere T\u00e4tigkeiten betreffen.<\/li>\n<li>Bewertung aller Risiken im Zusammenhang mit Berufskrankheiten und Arbeitsschutz sowie Ergreifen der erforderlichen Ma\u00dfnahmen.<\/li>\n<li>Beseitigung von Gefahren an der Quelle mit Beteiligung aller Mitarbeiter, mit dem Ziel von null Arbeitsunf\u00e4llen und null Berufskrankheiten.<\/li>\n<li>Kontinuierliche Verbesserung unserer Managementsysteme durch Festlegung, \u00dcberwachung und Umsetzung geeigneter Arbeitsschutzziele.<\/li>\n<li>Planung und Umsetzung von Ma\u00dfnahmen zur Minimierung von Verlusten im Falle von Unf\u00e4llen oder Notf\u00e4llen w\u00e4hrend unserer T\u00e4tigkeiten.<\/li>\n<li>Sensibilisierung aller Mitarbeiter und Gesch\u00e4ftspartner f\u00fcr den Arbeitsschutz und Etablierung der regelm\u00e4\u00dfigen Nutzung pers\u00f6nlicher Schutzausr\u00fcstung.<\/li>\n<li>Zusammenarbeit mit Lieferanten auf der Grundlage von Qualit\u00e4t, Umweltbewusstsein und Arbeitssicherheit, um Kosten zu senken, die gesamte Arbeitsschutzleistung, Produktivit\u00e4t und langfristige Rentabilit\u00e4t zu verbessern.<\/li>\n<li>Durchf\u00fchrung rechtzeitiger und pr\u00e4ziser Risikobewertungen zur fr\u00fchzeitigen Identifizierung und Beseitigung von Gefahren.<\/li>\n<li>Bereitstellung identifizierter Ressourcenanforderungen f\u00fcr den Arbeitsschutz rechtzeitig und vollst\u00e4ndig sowie kontinuierliche Verbesserung zur Schaffung einer sichereren und ges\u00fcnderen Arbeitsumgebung f\u00fcr alle.<\/li>\n<li>Sicherstellung der Konsultation von Arbeitnehmervertretern und der aktiven Teilnahme der Arbeitnehmer sowie der Zusammenarbeit mit ihren Vertretern an den jeweiligen Arbeitspl\u00e4tzen.<\/li>\n<\/ul>\n","protected":false},"excerpt":{"rendered":"<p>Unsere Qualit\u00e4tspolitik Bereitstellung hochwertiger Produkte und Dienstleistungen auf nationalen und internationalen M\u00e4rkten, unter Einhaltung aller gesetzlichen Vorschriften, administrativen Regelungen und anderen Anforderungen, die unsere T\u00e4tigkeiten betreffen, sowie das Streben nach bedingungsloser Kundenzufriedenheit durch Qualit\u00e4tsbewusstsein aller Mitarbeiter und kontinuierliche Verbesserung. \u00dcberpr\u00fcfung unserer Gesch\u00e4ftsprozesse durch Selbstbewertung und Festlegung pr\u00e4ventiver Ans\u00e4tze zur Verbesserung unserer Leistung mittels risikobasierten Denkens.  [&#8230;]<\/p>\n","protected":false},"author":1,"featured_media":0,"parent":0,"menu_order":0,"comment_status":"closed","ping_status":"closed","template":"","meta":{"footnotes":""},"class_list":["post-15244","page","type-page","status-publish","hentry"],"_links":{"self":[{"href":"https:\/\/ergil.com\/de\/wp-json\/wp\/v2\/pages\/15244","targetHints":{"allow":["GET"]}}],"collection":[{"href":"https:\/\/ergil.com\/de\/wp-json\/wp\/v2\/pages"}],"about":[{"href":"https:\/\/ergil.com\/de\/wp-json\/wp\/v2\/types\/page"}],"author":[{"embeddable":true,"href":"https:\/\/ergil.com\/de\/wp-json\/wp\/v2\/users\/1"}],"replies":[{"embeddable":true,"href":"https:\/\/ergil.com\/de\/wp-json\/wp\/v2\/comments?post=15244"}],"version-history":[{"count":0,"href":"https:\/\/ergil.com\/de\/wp-json\/wp\/v2\/pages\/15244\/revisions"}],"wp:attachment":[{"href":"https:\/\/ergil.com\/de\/wp-json\/wp\/v2\/media?parent=15244"}],"curies":[{"name":"wp","href":"https:\/\/api.w.org\/{rel}","templated":true}]}}