{"id":13006,"date":"2023-05-29T13:16:09","date_gmt":"2023-05-29T13:16:09","guid":{"rendered":"https:\/\/ergil.com\/kvkk\/"},"modified":"2023-12-21T13:02:51","modified_gmt":"2023-12-21T13:02:51","slug":"kvkk","status":"publish","type":"page","link":"https:\/\/ergil.com\/tr\/kvkk\/","title":{"rendered":"KVKK"},"content":{"rendered":"<div class=\"news-detail-head\">\n<h1 class=\"m-0\">Ki\u015fisel Verilerin Korunmas\u0131 Kanunu<\/h1>\n<\/div>\n<div class=\"news-detail-text\">\n<p>ERG\u0130L GRUP \u0130N\u015eAAT MAK\u0130NE \u0130ML. ITH. UST. SAN. VE T\u0130C. LTD. \u015eT\u0130. olarak bu bilgilendirme metnini Ziyaret\u00e7ilerimizi, \u00c7evrimi\u00e7i Ziyaret\u00e7ilerimizi, M\u00fc\u015fterilerimizi, Potansiyel M\u00fc\u015fterilerimizi, Tedarik\u00e7ilerimizin \u00c7al\u0131\u015fanlar\u0131n\u0131 ve Tedarik\u00e7ilerimizin Y\u00f6neticilerini, faaliyetlerimiz \u00e7er\u00e7evesinde ki\u015fisel verilerin i\u015flenmesi, saklanmas\u0131 ve aktar\u0131lmas\u0131 konusunda bilgilendirmek amac\u0131yla haz\u0131rlad\u0131k. 6698 Say\u0131l\u0131 Ki\u015fisel Verilerin Korunmas\u0131 Kanunu (\u201cKVKK\u201d) ve ilgili mevzuat ve d\u00fczenlemelerle ilgilidir.<\/p>\n<p><strong>1) Ki\u015fisel Veri Kategorileriniz Nelerdir ve Ki\u015fisel Verilerinizi Hangi Ama\u00e7larla \u0130\u015fliyorsunuz?<\/strong><\/p>\n<p>ERGIL GRUP INSAAT MAKINE IML. ITH. IHR. SAN. VE TIC. LTD. STI. i\u015f ortaklar\u0131n\u0131n ki\u015fisel verilerini, kurulmu\u015f ve devam eden i\u015f ili\u015fkileri (bir i\u015f orta\u011f\u0131 birden fazla kategoride s\u0131n\u0131fland\u0131r\u0131labilir) kapsam\u0131nda KVKK\u2019n\u0131n 4.2. maddesinde belirtilen ilkelere uygun olarak i\u015fler:<\/p>\n<p><strong>(i)<\/strong> Hukuka uygunluk ve iyi niyetli kurallara uygunluk,<br \/>\n<strong>(ii)<\/strong> Do\u011fruluk ve gerekti\u011finde g\u00fcncel olma,<br \/>\n<strong>(iii)<\/strong> Belirli, a\u00e7\u0131k ve me\u015fru ama\u00e7larla i\u015flemek,<br \/>\n<strong>(iv)<\/strong> \u0130\u015flendikleri ama\u00e7la ba\u011flant\u0131l\u0131, s\u0131n\u0131rl\u0131 ve orant\u0131l\u0131 olmas\u0131,<br \/>\n<strong>(v)<\/strong> Verilerin ilgili mevzuatta \u00f6ng\u00f6r\u00fclen veya i\u015flendikleri ama\u00e7 i\u00e7in \u00f6ng\u00f6r\u00fclen s\u00fcre kadar muhafaza edilmesi.<\/p>\n<p>Veri i\u015fleme a\u015fa\u011f\u0131da belirtilen ama\u00e7larla ger\u00e7ekle\u015ftirilir.<\/p>\n<p><strong>A. Ziyaret\u00e7iler<\/strong><\/p>\n<p><u>Ziyaret\u00e7ilerimizin fiziksel mekan g\u00fcvenlik bilgileri<\/u> (\u00f6rn. kamera kay\u0131tlar\u0131) a\u015fa\u011f\u0131daki ama\u00e7larla i\u015flenmektedir:<\/p>\n<p><strong>a)<\/strong> Fiziksel mekan\u0131n g\u00fcvenli\u011fini sa\u011flamak.<\/p>\n<p><strong>B. \u00c7evrimi\u00e7i Ziyaret\u00e7iler<\/strong><\/p>\n<p>Web sitemizin \u00e7evrimi\u00e7i ziyaret\u00e7ilerinin <u>g\u00fcvenlik bilgileri<\/u> (\u00f6rne\u011fin IP adresiniz) ve (varsa) <u>kimlik bilgileri<\/u> ve <u>ileti\u015fim bilgileri<\/u> (\u00f6rne\u011fin e-posta adresiniz) a\u015fa\u011f\u0131daki ama\u00e7larla i\u015flenecektir:<\/p>\n<p><strong>a)<\/strong> Mevzuata uygun faaliyetler y\u00fcr\u00fctmek,<br \/>\n<strong>b)<\/strong> Bilgi g\u00fcvenli\u011fi s\u00fcre\u00e7lerini y\u00fcr\u00fctmek,<br \/>\n<strong>c)<\/strong> Talep\/\u015fikayetlerin takibini yapmak,<br \/>\n<strong>d)<\/strong> \u0130leti\u015fim faaliyetlerini y\u00fcr\u00fctmek,<br \/>\n<strong>e)<\/strong> Yetkili ki\u015fi, kurum ve kurulu\u015flara bilgi vermek,<br \/>\n<strong>f)<\/strong> \u0130nternet \u00fczerinden web sitemize eri\u015fmenizi sa\u011flamak.<\/p>\n<p><strong>C. M\u00fc\u015fteriler<\/strong><\/p>\n<p><u>Kimlik bilgileri<\/u>,  <u>adres bilgisi<\/u>,  <u>ileti\u015fim bilgileri<\/u>,  <u>m\u00fc\u015fteri i\u015flem bilgileri<\/u> (\u00f6rne\u011fin sipari\u015f bilgileri), <u>fiziksel alan g\u00fcvenlik bilgileri<\/u>,  <u>finansal bilgi<\/u> (\u00f6rne\u011fin bilan\u00e7o bilgileri), <u>yasal bilgi<\/u>, ve <u>Pazarlama bilgisi<\/u> Ger\u00e7ek ki\u015fi m\u00fc\u015fterilerimizin veya t\u00fczel ki\u015fi m\u00fc\u015fterilerimizin ve\/veya onlar\u0131n m\u00fc\u015fterilerinin yetkili ki\u015filerinin (\u00f6rne\u011fin al\u0131\u015fveri\u015f ge\u00e7mi\u015fi bilgileri) a\u015fa\u011f\u0131daki ama\u00e7larla i\u015flenmektedir:<\/p>\n<p><strong>a)<\/strong> Mevzuata uygun faaliyetler y\u00fcr\u00fctmek,<br \/>\n<strong>b)<\/strong> Finans ve muhasebe i\u015flemlerini y\u00fcr\u00fctmek,<br \/>\n<strong>c)<\/strong> Ticari faaliyetleri y\u00fcr\u00fctmek\/denetlemek,<br \/>\n<strong>d)<\/strong> Lojistik faaliyetlerin y\u00fcr\u00fct\u00fclmesi,<br \/>\n<strong>e)<\/strong> Sat\u0131lan mal\/hizmetlere ili\u015fkin sat\u0131\u015f sonras\u0131 hizmetleri sa\u011flamak,<br \/>\n<strong>f)<\/strong> Mal\/hizmet sat\u0131\u015f s\u00fcre\u00e7lerini y\u00fcr\u00fctmek,<br \/>\n<strong>g)<\/strong> Pazarlama analizi yapmak,<br \/>\n<strong>h)<\/strong> S\u00f6zle\u015fme s\u00fcre\u00e7lerini y\u00fcr\u00fctmek,<br \/>\n<strong>i)<\/strong> Yetkili ki\u015fi, kurum ve kurulu\u015flara bilgi vermek,<br \/>\n<strong>j)<\/strong> fiziki mekan\u0131n g\u00fcvenli\u011fini sa\u011flamakt\u0131r.<br \/>\n<strong>k)<\/strong> hukuki ihtilaflar\u0131 \u00e7\u00f6zmek,<br \/>\n<strong>l)<\/strong> Depolama ve ar\u015fivleme i\u015flemlerini y\u00fcr\u00fctmek,<br \/>\n<strong>m)<\/strong> Risk y\u00f6netimi s\u00fcre\u00e7lerini y\u00fcr\u00fctmek,<br \/>\n<strong>n)<\/strong> Reklam\/\u00f6zel teklif\/promosyon s\u00fcre\u00e7lerini y\u00fcr\u00fctmek,<br \/>\n<strong>o)<\/strong> \u015eirket\/\u00fcr\u00fcn\/hizmet taahh\u00fct s\u00fcre\u00e7lerini y\u00fcr\u00fctmek,<br \/>\n<strong>p)<\/strong> ileti\u015fim faaliyetlerini y\u00fcr\u00fctmek.<\/p>\n<p><strong>D. Potansiyel m\u00fc\u015fteriler<\/strong><\/p>\n<p>Potansiyel ger\u00e7ek ki\u015fi m\u00fc\u015fterilerimizin veya potansiyel t\u00fczel ki\u015fi m\u00fc\u015fterilerimizin ve\/veya onlar\u0131n m\u00fc\u015fterilerinin yetkili ki\u015filerinin <u>kimlik bilgileri<\/u>, <u>ileti\u015fim bilgileri<\/u>, <u>m\u00fc\u015fteri i\u015flem bilgileri<\/u> ve <u>pazarlama bilgileri<\/u> a\u015fa\u011f\u0131daki ama\u00e7larla i\u015flenmektedir:<\/p>\n<p><strong>a)<\/strong> Mal\/hizmet sat\u0131\u015f s\u00fcre\u00e7lerini y\u00f6netmek,<br \/>\n<strong>b)<\/strong> S\u00f6zle\u015fme s\u00fcre\u00e7lerini y\u00fcr\u00fctmek,<br \/>\n<strong>c)<\/strong> Reklam\/\u00f6zel teklif\/promosyon s\u00fcre\u00e7lerini y\u00fcr\u00fctmek,<br \/>\n<strong>d)<\/strong> Pazarlama analizi yapmak.<\/p>\n<p><strong>E. Tedarik\u00e7i \u00c7al\u0131\u015fanlar\u0131<\/strong><\/p>\n<p>Tedarik\u00e7ilerimiz \u00e7al\u0131\u015fanlar\u0131n\u0131n <u>kimlik bilgileri<\/u>, <u>ileti\u015fim bilgileri<\/u>, <u>fiziki mekan g\u00fcvenlik bilgileri<\/u> ve <u>mesleki deneyim bilgileri<\/u> (\u00f6rn. mesleki e\u011fitim bilgileri) a\u015fa\u011f\u0131daki ama\u00e7larla i\u015flenmektedir:<\/p>\n<p><strong>a)<\/strong> \u0130leti\u015fim faaliyetlerini y\u00fcr\u00fctmek,<br \/>\n<strong>b)<\/strong> Ticari faaliyetleri y\u00fcr\u00fctmek\/denetlemek,<br \/>\n<strong>c)<\/strong> Fiziksel mekan\u0131n g\u00fcvenli\u011fini sa\u011flamak,<br \/>\n<strong>d)<\/strong> Risk y\u00f6netimi s\u00fcre\u00e7lerini y\u00fcr\u00fctmek,<br \/>\n<strong>e)<\/strong> Lojistik faaliyetlerin y\u00fcr\u00fct\u00fclmesi,<br \/>\n<strong>f)<\/strong> Mevzuata uygun faaliyetler y\u00fcr\u00fctmek,<br \/>\n<strong>g)<\/strong> \u0130\u015f sa\u011fl\u0131\u011f\u0131 ve g\u00fcvenli\u011fi faaliyetlerini y\u00fcr\u00fctmek.<\/p>\n<p><strong>F. Tedarik\u00e7i Yetkilileri<\/strong><\/p>\n<p><u>Kimlik bilgileri<\/u>,  <u>ileti\u015fim bilgileri<\/u>,  <u>fiziksel alan g\u00fcvenlik bilgileri<\/u>,  <u>m\u00fc\u015fteri i\u015flem bilgileri<\/u>,  <u>finansal bilgi<\/u>,  <u>yasal bilgi<\/u>, ve <u>Pazarlama bilgisi<\/u> Ger\u00e7ek ki\u015fi tedarik\u00e7ilerimiz veya t\u00fczel ki\u015fi tedarik\u00e7ilerimizin yetkilileri taraf\u0131ndan a\u015fa\u011f\u0131daki ama\u00e7larla i\u015flenmektedir:<\/p>\n<p><strong>a)<\/strong> Ticari faaliyetleri y\u00fcr\u00fctmek\/denetlemek,<br \/>\n<strong>b)<\/strong> Mal\/hizmet sat\u0131n alma s\u00fcre\u00e7lerini y\u00fcr\u00fctmek,<br \/>\n<strong>c)<\/strong> Finans ve muhasebe i\u015flemlerini y\u00fcr\u00fctmek,<br \/>\n<strong>d)<\/strong> S\u00f6zle\u015fme s\u00fcre\u00e7lerini y\u00fcr\u00fctmek,<br \/>\n<strong>e)<\/strong> Yat\u0131r\u0131m s\u00fcre\u00e7lerini y\u00fcr\u00fctmek,<br \/>\n<strong>f)<\/strong> Fiziksel mekan\u0131n g\u00fcvenli\u011fini sa\u011flamak,<br \/>\n<strong>g)<\/strong> Hukuki i\u015flerin y\u00fcr\u00fct\u00fclmesi ve takibi.<\/p>\n<p><strong>2) Ki\u015fisel Verileri Toplamak \u0130\u00e7in Hangi Y\u00f6ntemleri Kullan\u0131yorsunuz?<\/strong><\/p>\n<p>Yukar\u0131da belirtilen kategorilerdeki ki\u015fisel verileriniz, sipari\u015f formlar\u0131, s\u00f6zle\u015fmeler gibi fiziki yollarla veya bilgi sistemleri ve elektronik cihazlar (\u00f6rne\u011fin telekom\u00fcnikasyon altyap\u0131s\u0131, bilgisayarlar, telefonlar) arac\u0131l\u0131\u011f\u0131yla, web sitesi ve siteler arac\u0131l\u0131\u011f\u0131yla otomatik veya otomatik olmayan yollarla toplanabilecektir. \u0130lgili ki\u015fi taraf\u0131ndan sunulan di\u011fer belgeler.<\/p>\n<p><strong>3) Ki\u015fisel Veri Toplaman\u0131n Hukuki Sebebi Nedir?<\/strong><\/p>\n<p>ERGIL GRUP INSAAT MAKINE IML. ITH. IHR. SAN. VE TIC. LTD. STI. Ki\u015fisel verileriniz yukar\u0131da belirtilen ama\u00e7larla KVKK\u2019n\u0131n 5. maddesinde belirtilen a\u015fa\u011f\u0131daki hukuki sebeplere dayanarak i\u015flenmektedir:<\/p>\n<p><strong>(i)<\/strong> Kanunlarda a\u00e7\u0131k\u00e7a \u00f6ng\u00f6r\u00fclm\u00fc\u015f,<br \/>\n<strong>(ii)<\/strong> Bedenen r\u0131zas\u0131n\u0131 a\u00e7\u0131klayamayacak durumda olan veya r\u0131zas\u0131na hukuki ge\u00e7erlilik tan\u0131nmayan ki\u015finin veya bir ba\u015fkas\u0131n\u0131n hayat\u0131 veya beden b\u00fct\u00fcnl\u00fc\u011f\u00fcn\u00fcn korunmas\u0131 i\u00e7in zorunlu olmas\u0131,<br \/>\n<strong>(iii)<\/strong> Veri sorumlusunun hukuki y\u00fck\u00fcml\u00fcl\u00fcklerini yerine getirebilmesi i\u00e7in zorunlu olmas\u0131,<br \/>\n<strong>(iv)<\/strong> Bir hakk\u0131n tesisi, kullan\u0131lmas\u0131 veya korunmas\u0131 i\u00e7in veri i\u015flemenin zorunlu olmas\u0131,<br \/>\n<strong>(v)<\/strong> Bu i\u015flemenin veri sahibinin temel hak ve \u00f6zg\u00fcrl\u00fcklerine zarar vermemek kayd\u0131yla veri sorumlusunun me\u015fru menfaatleri i\u00e7in zorunlu olmas\u0131.<\/p>\n<p>Veri i\u015flemenin yukar\u0131da say\u0131lan hukuki sebeplerden herhangi birine dayanamad\u0131\u011f\u0131 hallerde, ki\u015fisel verileriniz a\u00e7\u0131k r\u0131zan\u0131z al\u0131narak i\u015flenmektedir.<\/p>\n<p><strong>4) Ki\u015fisel Verilerinizi \u00dc\u00e7\u00fcnc\u00fc Ki\u015filere Aktar\u0131yor musunuz?<\/strong><\/p>\n<p><strong>a) Ziyaret\u00e7ilerimizin ki\u015fisel verileri<\/strong> hukuki uyu\u015fmazl\u0131klar\u0131n \u00e7\u00f6z\u00fcm\u00fc amac\u0131yla ve ilgili mevzuat uyar\u0131nca talep edilmesi halinde kolluk kuvvetleri ve adli makamlarla payla\u015f\u0131labilecektir.<\/p>\n<p><strong>b) \u00c7evrimi\u00e7i ziyaret\u00e7ilerimize ait ki\u015fisel veriler<\/strong>, hukuki uyu\u015fmazl\u0131klar\u0131n \u00e7\u00f6z\u00fcm\u00fc amac\u0131yla ve ilgili mevzuat uyar\u0131nca talep edilmesi halinde adli makamlar ve yetkili kamu kurum ve kurulu\u015flar\u0131 ile payla\u015f\u0131labilecektir.<\/p>\n<p><strong>c) M\u00fc\u015fterilerimizin ki\u015fisel verileri<\/strong> Ticari faaliyetlerin mevzuata uygun y\u00fcr\u00fct\u00fclmesi, hukuki i\u015flerin y\u00fcr\u00fct\u00fclmesi ve takibi amac\u0131yla yetkili kamu kurum ve kurulu\u015flar\u0131 ile grup \u015firketlerimiz, tedarik\u00e7ilerimiz, nakliye \u015firketlerimiz, sigorta \u015firketlerimiz, bankalar ve kamumuzla payla\u015f\u0131labilir. \u0130\u015fletme faaliyetlerinin y\u00fcr\u00fct\u00fclmesi ve denetlenmesi, risk y\u00f6netimi s\u00fcre\u00e7lerinin y\u00fcr\u00fct\u00fclmesi ve gerekti\u011finde hizmetlerin sa\u011flanmas\u0131 amac\u0131yla gerekli \u00f6l\u00e7\u00fcde muhasebeci. Ayr\u0131ca bu t\u00fcr ki\u015fisel veriler olas\u0131 hukuki uyu\u015fmazl\u0131klarda delil olarak kullan\u0131lmak \u00fczere kanuni temsilcilerimize ve adli makamlara aktar\u0131labilecektir.<\/p>\n<p><strong>d) Potansiyel m\u00fc\u015fterilerimizin ki\u015fisel verileri,<\/strong> olas\u0131 hukuki uyu\u015fmazl\u0131klarda delil olarak kullan\u0131lmak \u00fczere yasal temsilcilerimize ve adli makamlara aktar\u0131labilecektir.<\/p>\n<p><strong>e) Tedarik\u00e7ilerimizin \u00e7al\u0131\u015fanlar\u0131n\u0131n ki\u015fisel verileri<\/strong> Ticari faaliyetlerin mevzuata uygun olarak y\u00fcr\u00fct\u00fclmesi, hukuki i\u015flerin y\u00fcr\u00fct\u00fclmesi ve takibi, yetkili ki\u015fi, kurum ve kurulu\u015flara bilgi verilmesi, ticari faaliyetlerin y\u00fcr\u00fct\u00fclmesi ve denetlenmesi amac\u0131yla yetkili kamu kurum ve kurulu\u015flar\u0131 ile payla\u015f\u0131labilecek ve gerekti\u011fi \u00f6l\u00e7\u00fcde hizmet verebilmek amac\u0131yla grup \u015firketlerimiz, tedarik\u00e7ilerimiz, nakliye \u015firketlerimiz, sigorta \u015firketlerimiz, bankalar\u0131m\u0131z ve mali m\u00fc\u015favirlerimiz ile i\u015fbirli\u011fi i\u00e7erisindeyiz. Ayr\u0131ca bu t\u00fcr ki\u015fisel veriler olas\u0131 hukuki uyu\u015fmazl\u0131klarda delil olarak kullan\u0131lmak \u00fczere kanuni temsilcilerimize ve adli makamlara aktar\u0131labilecektir.<\/p>\n<p><strong>f) Tedarik\u00e7ilerimizin yetkili ki\u015filerinin ki\u015fisel verileri<\/strong> Ticari faaliyetlerin mevzuata uygun olarak y\u00fcr\u00fct\u00fclmesi, hukuki i\u015flerin y\u00fcr\u00fct\u00fclmesi ve takibi, yetkili ki\u015fi, kurum ve kurulu\u015flara bilgi verilmesi, ticari faaliyetlerin y\u00fcr\u00fct\u00fclmesi ve denetlenmesi amac\u0131yla yetkili kamu kurum ve kurulu\u015flar\u0131 ile payla\u015f\u0131labilecek ve gerekti\u011fi \u00f6l\u00e7\u00fcde hizmet verebilmek amac\u0131yla grup \u015firketlerimiz, tedarik\u00e7ilerimiz, nakliye \u015firketlerimiz, sigorta \u015firketlerimiz, bankalar\u0131m\u0131z ve mali m\u00fc\u015favirlerimiz ile i\u015fbirli\u011fi i\u00e7erisindeyiz. Ayr\u0131ca bu t\u00fcr ki\u015fisel veriler olas\u0131 hukuki uyu\u015fmazl\u0131klarda delil olarak kullan\u0131lmak \u00fczere kanuni temsilcilerimize ve adli makamlara aktar\u0131labilecektir.<\/p>\n<p><strong>5) Ki\u015fisel Verilerinizi Yurt D\u0131\u015f\u0131na Aktar\u0131yor musunuz?<\/strong><\/p>\n<p>Ki\u015fisel verilerinizi yurt d\u0131\u015f\u0131nda kurulu grup \u015firketlerimiz ile sat\u0131\u015f, pazarlama, analiz, hizmetlerin sa\u011fl\u0131kl\u0131 y\u00fcr\u00fct\u00fclmesi ve s\u00f6zle\u015fme s\u00fcre\u00e7lerinin sa\u011fl\u0131kl\u0131 y\u00fcr\u00fct\u00fclmesi gibi ama\u00e7larla payla\u015fmaktay\u0131z.<\/p>\n<p>Ayr\u0131ca ki\u015fisel verilerinizin saklanmas\u0131 amac\u0131yla bulut sistemi kullan\u0131ld\u0131\u011f\u0131ndan bu ama\u00e7la bu hizmeti veren firmalarla payla\u015fmaktay\u0131z.<\/p>\n<p><strong>6) Ki\u015fisel Verilerime \u0130li\u015fkin Haklar\u0131m\u0131 Nas\u0131l Kullanabilirim?<\/strong><\/p>\n<p>KVKK&#8217;n\u0131n ilgili ki\u015filerin haklar\u0131n\u0131 d\u00fczenleyen 11. maddesi kapsam\u0131ndaki taleplerinizi, ERG\u0130L GRUP \u0130N\u015eAAT MAK\u0130NE \u0130ML taraf\u0131ndan haz\u0131rlanan &#8220;ergil.com&#8221; adresindeki &#8220;Veri Sorumlusu Ba\u015fvuru Formu&#8221;nu kullanarak iletebilirsiniz. ITH. IHR. SAN. VE TIC. LTD. STI. \u201cVeri Sorumlusuna Ba\u015fvuru Usul ve Esaslar\u0131 Hakk\u0131nda Tebli\u011f\u201d uyar\u0131nca taraf\u0131n\u0131za kolayl\u0131k sa\u011flanmas\u0131 amac\u0131yla.<\/p>\n<p><strong>Veri Sorumlusu:<\/strong> ERGIL GRUP INSAAT MAKINE IML. ITH. IHR. SAN. VE TIC. LTD. STI.<\/p>\n<p><strong>Adres:<\/strong> Tarsus OSB, 13.CAD. NO:7 P.K. 33443 Akdeniz Mersin, Turkey<\/p>\n<p><strong>E-Mail:<\/strong> info@ergil.com<\/p>\n<\/div>\n","protected":false},"excerpt":{"rendered":"<p>Ki\u015fisel Verilerin Korunmas\u0131 Kanunu ERG\u0130L GRUP \u0130N\u015eAAT MAK\u0130NE \u0130ML. ITH. UST. SAN. VE T\u0130C. LTD. \u015eT\u0130. olarak bu bilgilendirme metnini Ziyaret\u00e7ilerimizi, \u00c7evrimi\u00e7i Ziyaret\u00e7ilerimizi, M\u00fc\u015fterilerimizi, Potansiyel M\u00fc\u015fterilerimizi, Tedarik\u00e7ilerimizin \u00c7al\u0131\u015fanlar\u0131n\u0131 ve Tedarik\u00e7ilerimizin Y\u00f6neticilerini, faaliyetlerimiz \u00e7er\u00e7evesinde ki\u015fisel verilerin i\u015flenmesi, saklanmas\u0131 ve aktar\u0131lmas\u0131 konusunda bilgilendirmek amac\u0131yla haz\u0131rlad\u0131k. 6698 Say\u0131l\u0131 Ki\u015fisel Verilerin Korunmas\u0131 Kanunu (\u201cKVKK\u201d) ve ilgili mevzuat ve d\u00fczenlemelerle  [&#8230;]<\/p>\n","protected":false},"author":1,"featured_media":0,"parent":0,"menu_order":0,"comment_status":"closed","ping_status":"closed","template":"","meta":{"footnotes":""},"class_list":["post-13006","page","type-page","status-publish","hentry"],"_links":{"self":[{"href":"https:\/\/ergil.com\/tr\/wp-json\/wp\/v2\/pages\/13006","targetHints":{"allow":["GET"]}}],"collection":[{"href":"https:\/\/ergil.com\/tr\/wp-json\/wp\/v2\/pages"}],"about":[{"href":"https:\/\/ergil.com\/tr\/wp-json\/wp\/v2\/types\/page"}],"author":[{"embeddable":true,"href":"https:\/\/ergil.com\/tr\/wp-json\/wp\/v2\/users\/1"}],"replies":[{"embeddable":true,"href":"https:\/\/ergil.com\/tr\/wp-json\/wp\/v2\/comments?post=13006"}],"version-history":[{"count":1,"href":"https:\/\/ergil.com\/tr\/wp-json\/wp\/v2\/pages\/13006\/revisions"}],"predecessor-version":[{"id":13007,"href":"https:\/\/ergil.com\/tr\/wp-json\/wp\/v2\/pages\/13006\/revisions\/13007"}],"wp:attachment":[{"href":"https:\/\/ergil.com\/tr\/wp-json\/wp\/v2\/media?parent=13006"}],"curies":[{"name":"wp","href":"https:\/\/api.w.org\/{rel}","templated":true}]}}