{"id":15207,"date":"2024-12-02T07:45:06","date_gmt":"2024-12-02T07:45:06","guid":{"rendered":"https:\/\/ergil.com\/yonetim-politikalari\/"},"modified":"2024-12-02T08:09:02","modified_gmt":"2024-12-02T08:09:02","slug":"yonetim-politikalari","status":"publish","type":"page","link":"https:\/\/ergil.com\/tr\/yonetim-politikalari\/","title":{"rendered":"Y\u00d6NET\u0130M POL\u0130T\u0130KALARI"},"content":{"rendered":"<h1><strong>Kalite Politikam\u0131z<\/strong><\/h1>\n<ul>\n<li>Kaliteli \u00fcr\u00fcn ve hizmetleri, ulusal ve uluslararas\u0131 pazarlara sunma, t\u00fcm \u00e7al\u0131\u015fanlar\u0131yla beraber kalite bilinciyle ko\u015fulsuz m\u00fc\u015fteri memnuniyetine inanan, s\u00fcrekli iyile\u015ftirme \u00e7er\u00e7evesinde kendini yenileyen D\u00fcnya\u2019ca tan\u0131nan bir firma olmak, y\u00fcr\u00fcrl\u00fckte bulunan bizim faaliyetlerimizle ilgili t\u00fcm mevzuatlar\u0131na, idari d\u00fczenlemelere ve di\u011fer \u015fartlara uyarak<\/li>\n<li>\u0130\u015f s\u00fcre\u00e7lerimizin \u00f6z de\u011ferlendirme s\u00fcreci ile g\u00f6zden ge\u00e7irilerek, performans\u0131m\u0131z\u0131 geli\u015ftirecek \u00f6nleyici yakla\u015f\u0131mlar\u0131n risk odakl\u0131 d\u00fc\u015f\u00fcnme ile belirlenmesini sa\u011flamak,<\/li>\n<li>S\u00fcrekli iyile\u015ftirme yakla\u015f\u0131m\u0131 do\u011frultusunda t\u00fcm s\u00fcre\u00e7lerimizdeki verimlili\u011fin uluslararas\u0131 d\u00fczeyde rekabet edebilecek seviyeye y\u00fckseltilmesi,<\/li>\n<li>Yenilik\u00e7i ve yarat\u0131c\u0131 yakla\u015f\u0131mlar\u0131n cesaretlendirilmesi, teknik ve davran\u0131\u015fsal yetkinlikleri art\u0131racak e\u011fitimlerin ger\u00e7ekle\u015ftirilmesi<\/li>\n<li>Toplam Kalite Felsefesi, Yal\u0131n \u00dcretim ve S\u00fcrekli \u0130yile\u015fmeyi esas alarak, tak\u0131m ruhu i\u00e7erisinde \u015firket ve birim hedeflerine ula\u015f\u0131lmas\u0131,<\/li>\n<li>Kalite y\u00f6netim sistemimizin ISO 9001:2015 standard\u0131n\u0131n gereklerini yerine getirecek \u015fekilde dok\u00fcmante edilmesi, belgelendirilmesi ve s\u00fcrekli iyile\u015ftirilmesi,<\/li>\n<li>M\u00fc\u015fterilerimizin g\u00fcn\u00fcm\u00fcz ve gelecekteki beklentilerinin ve ihtiya\u00e7lar\u0131n\u0131n do\u011fru alg\u0131lan\u0131p de\u011ferlendirilmesi suretiyle, hizmetin zaman\u0131nda sunulmas\u0131n\u0131n sa\u011flanmas\u0131. M\u00fc\u015fterinin memnuniyeti, \u00f6nerisi ve \u015fikayetinin etkin bir \u015fekilde de\u011ferlendirilmesi,<\/li>\n<li>G\u00fc\u00e7l\u00fc y\u00f6nlerin geli\u015ftirilmesi, zay\u0131f y\u00f6nlerin \u00fczerine gidilmesi, ilgili riskleri f\u0131rsatlara d\u00f6n\u00fc\u015ft\u00fcrecek politikalar olu\u015fturulmas\u0131n\u0131n sa\u011flanmas\u0131,<\/li>\n<li>En uygun, en do\u011fru ve en ekonomik \u00e7\u00f6z\u00fcmleri en verimli \u015fekilde \u00fcreterek daha sonra ortaya \u00e7\u0131kabilecek uygunsuzluklar\u0131n \u00f6n\u00fcne ge\u00e7meyi taahh\u00fct ederiz.<\/li>\n<\/ul>\n<p>&nbsp;<\/p>\n<h2><strong>\u00c7evre Politikam\u0131z<\/strong><\/h2>\n<ul>\n<li>Y\u00fcr\u00fcrl\u00fckte bulunan bizim faaliyetlerimizle ilgili t\u00fcm \u00e7evre mevzuatlar\u0131na, idari d\u00fczenlemelere ve di\u011fer \u015fartlara uyarak,<\/li>\n<li>Y\u00f6netim sistemlerimizin performans\u0131n\u0131 artt\u0131rmak i\u00e7in uygun hedefler koyarak bunlar\u0131n takip edilmesini ve uygulanmas\u0131n\u0131 sa\u011flayarak y\u00f6netim sistemlerimizin performans\u0131n\u0131n s\u00fcrekli iyile\u015ftirilmesini temin etmek,<\/li>\n<li>Elektrik, yak\u0131t ve su gibi kaynaklar\u0131n sarfiyat\u0131n\u0131 azalt\u0131c\u0131 tedbirleri al\u0131p, uygulayarak,<\/li>\n<li>Faaliyetlerimiz s\u0131ras\u0131nda olu\u015facak at\u0131klar\u0131m\u0131z\u0131 azalt\u0131c\u0131 \u00f6nlemleri almak, olu\u015fan at\u0131klar\u0131m\u0131z\u0131 tekrar kullan\u0131m ve geri kazan\u0131mla bertaraf ederek,<\/li>\n<li>Faaliyetlerimiz s\u0131ras\u0131nda meydana gelebilecek herhangi bir kaza veya acil durumda \u00e7evresel zararlar\u0131 en aza indirecek tedbirleri planlamak ve uygulayarak,<\/li>\n<li>\u00c7evre konusunda ba\u015far\u0131ya ula\u015fmak i\u00e7in t\u00fcm \u00e7al\u0131\u015fanlar\u0131m\u0131z\u0131 ve i\u015f ortaklar\u0131m\u0131z\u0131 bilin\u00e7lendirerek,<\/li>\n<li>Hava, su ve toprak kirlenmesini \u00f6nlemek i\u00e7in t\u00fcm faaliyetlerde \u00f6nleyici aksiyonlar alarak,<\/li>\n<li>Y\u00fcr\u00fcrl\u00fckteki ulusal ve uluslararas\u0131 yasal ve di\u011fer \u015fartlar\u0131n \u00f6nemli \u00e7evre boyutlar\u0131yla ilgili y\u00fck\u00fcml\u00fcl\u00fcklerine uyarak,<\/li>\n<li>Mal ve hizmet al\u0131nan tedarik\u00e7ilerle, kalite, \u00e7evre duyarl\u0131l\u0131\u011f\u0131 ve i\u015f g\u00fcvenli\u011fini sa\u011flayacak i\u015fbirli\u011fi ve g\u00fcven temelinde \u00e7al\u0131\u015farak maliyetleri d\u00fc\u015f\u00fcrmek, verimlili\u011fi ve uzun vadeli k\u00e2rl\u0131l\u0131\u011f\u0131 art\u0131rmak ve bunlar\u0131 s\u00fcrekli iyile\u015ftirerek \u00e7evre performans\u0131m\u0131z\u0131 y\u00fcksek tutmay\u0131 taahh\u00fct ederiz.<\/li>\n<\/ul>\n<p>&nbsp;<\/p>\n<h2><strong>\u0130\u015f Sa\u011fl\u0131\u011f\u0131 ve G\u00fcvenli\u011fi Politikam\u0131z<\/strong><\/h2>\n<ul>\n<li>Y\u00fcr\u00fcrl\u00fckte bulunan bizim faaliyetlerimizle ilgili t\u00fcm i\u015f sa\u011fl\u0131\u011f\u0131 ve g\u00fcvenli\u011fi mevzuatlar\u0131na, idari d\u00fczenlemelere ve di\u011fer \u015fartlara uyarak,<\/li>\n<li>Mesleki hastal\u0131klar ve \u0130\u015f Sa\u011fl\u0131\u011f\u0131 ve G\u00fcvenli\u011fi konular\u0131nda t\u00fcm riskleri de\u011ferlendirip gereken \u00f6nlemleri alarak,<\/li>\n<li>T\u00fcm \u00e7al\u0131\u015fanlar\u0131n kat\u0131l\u0131m\u0131 ile tehlikeleri kayna\u011f\u0131nda yok ederek, s\u0131f\u0131r i\u015f kazas\u0131 ve mesleki hastal\u0131\u011f\u0131 hedefleyerek,<\/li>\n<li>Y\u00f6netim sistemlerimizin performans\u0131n\u0131 artt\u0131rmak i\u00e7in uygun \u0130SG hedefleri koyarak bunlar\u0131n takip edilmesini ve uygulanmas\u0131n\u0131 sa\u011flayarak \u00fcrekli iyile\u015ftirilmesini temin etmek,<\/li>\n<li>Faaliyetlerimiz s\u0131ras\u0131nda meydana gelebilecek herhangi bir kaza veya acil durumda kay\u0131plar\u0131m\u0131z\u0131 en aza indirecek tedbirleri planlay\u0131p uygulayarak,<\/li>\n<li>\u0130\u015f Sa\u011fl\u0131\u011f\u0131 ve G\u00fcvenli\u011fi konusunda ba\u015far\u0131ya ula\u015fmak i\u00e7in t\u00fcm \u00e7al\u0131\u015fanlar\u0131m\u0131z\u0131 ve i\u015f ortaklar\u0131m\u0131z\u0131 bilin\u00e7lendirerek, ki\u015fisel koruyucu ekipmanlar\u0131n kullan\u0131m\u0131n\u0131 gelenekle\u015ftirerek,<\/li>\n<li>Mal ve hizmet al\u0131nan tedarik\u00e7ilerle, kalite, \u00e7evre duyarl\u0131l\u0131\u011f\u0131 ve i\u015f g\u00fcvenli\u011fini sa\u011flayacak i\u015fbirli\u011fi ve g\u00fcven temelinde \u00e7al\u0131\u015farak maliyetleri d\u00fc\u015f\u00fcrmek, \u0130SG toplam performans\u0131, verimlili\u011fi ve uzun vadeli k\u00e2rl\u0131l\u0131\u011f\u0131 art\u0131rarak,<\/li>\n<li>Zaman\u0131nda ve do\u011fru risk analizi yaparak tehlikelerin \u00f6nceden belirlenmesini ve ortadan kald\u0131r\u0131lmas\u0131n\u0131 sa\u011flamak<\/li>\n<li>\u0130\u015f sa\u011fl\u0131\u011f\u0131 ve g\u00fcvenli\u011fiyle ilgili tespit edilen kaynak ihtiya\u00e7lar\u0131n\u0131 zaman\u0131nda ve eksiksiz olarak gidermek ve bunlar\u0131 s\u00fcrekli iyile\u015ftirerek herkes i\u00e7in daha emniyetli ve sa\u011fl\u0131kl\u0131 bir \u00e7al\u0131\u015fma ortam\u0131 olu\u015fturmay\u0131 taahh\u00fct ederiz.<\/li>\n<li>\u00c7al\u0131\u015fan temsilcileri ile isti\u015fareleri, \u00e7al\u0131\u015fanlar\u0131m\u0131z\u0131n kat\u0131l\u0131mlar\u0131n\u0131 ve bulunduklar\u0131 yerde \u00e7al\u0131\u015fan temsilcilerine ba\u011fl\u0131l\u0131kla \u00e7al\u0131\u015fmalar\u0131n\u0131 y\u00fcr\u00fctt\u00fcklerini taahh\u00fct ederiz.<\/li>\n<\/ul>\n","protected":false},"excerpt":{"rendered":"<p>Kalite Politikam\u0131z Kaliteli \u00fcr\u00fcn ve hizmetleri, ulusal ve uluslararas\u0131 pazarlara sunma, t\u00fcm \u00e7al\u0131\u015fanlar\u0131yla beraber kalite bilinciyle ko\u015fulsuz m\u00fc\u015fteri memnuniyetine inanan, s\u00fcrekli iyile\u015ftirme \u00e7er\u00e7evesinde kendini yenileyen D\u00fcnya\u2019ca tan\u0131nan bir firma olmak, y\u00fcr\u00fcrl\u00fckte bulunan bizim faaliyetlerimizle ilgili t\u00fcm mevzuatlar\u0131na, idari d\u00fczenlemelere ve di\u011fer \u015fartlara uyarak \u0130\u015f s\u00fcre\u00e7lerimizin \u00f6z de\u011ferlendirme s\u00fcreci ile g\u00f6zden ge\u00e7irilerek, performans\u0131m\u0131z\u0131 geli\u015ftirecek \u00f6nleyici yakla\u015f\u0131mlar\u0131n  [&#8230;]<\/p>\n","protected":false},"author":1,"featured_media":0,"parent":0,"menu_order":0,"comment_status":"closed","ping_status":"closed","template":"","meta":{"footnotes":""},"class_list":["post-15207","page","type-page","status-publish","hentry"],"_links":{"self":[{"href":"https:\/\/ergil.com\/tr\/wp-json\/wp\/v2\/pages\/15207","targetHints":{"allow":["GET"]}}],"collection":[{"href":"https:\/\/ergil.com\/tr\/wp-json\/wp\/v2\/pages"}],"about":[{"href":"https:\/\/ergil.com\/tr\/wp-json\/wp\/v2\/types\/page"}],"author":[{"embeddable":true,"href":"https:\/\/ergil.com\/tr\/wp-json\/wp\/v2\/users\/1"}],"replies":[{"embeddable":true,"href":"https:\/\/ergil.com\/tr\/wp-json\/wp\/v2\/comments?post=15207"}],"version-history":[{"count":1,"href":"https:\/\/ergil.com\/tr\/wp-json\/wp\/v2\/pages\/15207\/revisions"}],"predecessor-version":[{"id":15208,"href":"https:\/\/ergil.com\/tr\/wp-json\/wp\/v2\/pages\/15207\/revisions\/15208"}],"wp:attachment":[{"href":"https:\/\/ergil.com\/tr\/wp-json\/wp\/v2\/media?parent=15207"}],"curies":[{"name":"wp","href":"https:\/\/api.w.org\/{rel}","templated":true}]}}